{"id":846,"date":"2024-06-04T11:51:17","date_gmt":"2024-06-04T11:51:17","guid":{"rendered":"https:\/\/hotelodisej.com\/pisani-prigovori\/"},"modified":"2024-06-04T11:56:12","modified_gmt":"2024-06-04T11:56:12","slug":"pisani-prigovori","status":"publish","type":"page","link":"https:\/\/hotelodisej.com\/hr\/pisani-prigovori\/","title":{"rendered":"Pisani prigovori"},"content":{"rendered":"\n<h2 class=\"wp-block-heading\">Obavijest o na\u010dinu podno\u0161enja prigovora potro\u0161a\u010da<\/h2>\n\n<p><br\/>Sukladno Zakonu o za\u0161titi potro\u0161a\u010da JADRANSKI LUKSUZNI HOTELI d.d., Dubrovnik, Masarykov put 20, OIB 22797775374, omogu\u0107uju podno\u0161enje prigovora potro\u0161a\u010da. Prigovor se podnosi pisano putem e mail adrese: <a href=\"mailto:prigovor@alh.hr\">prigovor@alh.hr<\/a> ili putem po\u0161te na gore navedenu adresu. JADRANSKI LUKSUZNI HOTELI d.d. obvezuju se na zaprimljeni prigovor odgovoriti u roku od 15 dana od dana zaprimanja.<\/p>\n","protected":false},"excerpt":{"rendered":"<p>Obavijest o na\u010dinu podno\u0161enja prigovora potro\u0161a\u010da Sukladno Zakonu o za\u0161titi potro\u0161a\u010da JADRANSKI LUKSUZNI HOTELI d.d., Dubrovnik, Masarykov put 20, OIB 22797775374, omogu\u0107uju podno\u0161enje prigovora potro\u0161a\u010da. Prigovor se podnosi pisano putem e mail adrese: prigovor@alh.hr ili putem po\u0161te na gore navedenu adresu. JADRANSKI LUKSUZNI HOTELI d.d. obvezuju se na zaprimljeni prigovor odgovoriti u roku od 15 [&hellip;]<\/p>\n","protected":false},"author":1,"featured_media":0,"parent":0,"menu_order":0,"comment_status":"closed","ping_status":"closed","template":"","meta":{"_acf_changed":false,"footnotes":""},"class_list":["post-846","page","type-page","status-publish","hentry"],"acf":[],"yoast_head":"<!-- This site is optimized with the Yoast SEO plugin v26.5 - https:\/\/yoast.com\/wordpress\/plugins\/seo\/ -->\n<title>Pisani prigovori - Hotel Odisej<\/title>\n<meta name=\"robots\" content=\"index, follow, max-snippet:-1, max-image-preview:large, max-video-preview:-1\" \/>\n<link rel=\"canonical\" href=\"https:\/\/hotelodisej.com\/hr\/pisani-prigovori\/\" \/>\n<meta property=\"og:locale\" content=\"hr_HR\" \/>\n<meta property=\"og:type\" content=\"article\" \/>\n<meta property=\"og:title\" content=\"Pisani prigovori - Hotel Odisej\" \/>\n<meta property=\"og:description\" content=\"Obavijest o na\u010dinu podno\u0161enja prigovora potro\u0161a\u010da Sukladno Zakonu o za\u0161titi potro\u0161a\u010da JADRANSKI LUKSUZNI HOTELI d.d., Dubrovnik, Masarykov put 20, OIB 22797775374, omogu\u0107uju podno\u0161enje prigovora potro\u0161a\u010da. Prigovor se podnosi pisano putem e mail adrese: prigovor@alh.hr ili putem po\u0161te na gore navedenu adresu. JADRANSKI LUKSUZNI HOTELI d.d. obvezuju se na zaprimljeni prigovor odgovoriti u roku od 15 [&hellip;]\" \/>\n<meta property=\"og:url\" content=\"https:\/\/hotelodisej.com\/hr\/pisani-prigovori\/\" \/>\n<meta property=\"og:site_name\" content=\"Hotel Odisej\" \/>\n<meta property=\"article:modified_time\" content=\"2024-06-04T11:56:12+00:00\" \/>\n<meta name=\"twitter:card\" content=\"summary_large_image\" \/>\n<script type=\"application\/ld+json\" class=\"yoast-schema-graph\">{\"@context\":\"https:\/\/schema.org\",\"@graph\":[{\"@type\":\"WebPage\",\"@id\":\"https:\/\/hotelodisej.com\/hr\/pisani-prigovori\/\",\"url\":\"https:\/\/hotelodisej.com\/hr\/pisani-prigovori\/\",\"name\":\"Pisani prigovori - Hotel Odisej\",\"isPartOf\":{\"@id\":\"https:\/\/hotelodisej.com\/hr\/#website\"},\"datePublished\":\"2024-06-04T11:51:17+00:00\",\"dateModified\":\"2024-06-04T11:56:12+00:00\",\"breadcrumb\":{\"@id\":\"https:\/\/hotelodisej.com\/hr\/pisani-prigovori\/#breadcrumb\"},\"inLanguage\":\"hr\",\"potentialAction\":[{\"@type\":\"ReadAction\",\"target\":[\"https:\/\/hotelodisej.com\/hr\/pisani-prigovori\/\"]}]},{\"@type\":\"BreadcrumbList\",\"@id\":\"https:\/\/hotelodisej.com\/hr\/pisani-prigovori\/#breadcrumb\",\"itemListElement\":[{\"@type\":\"ListItem\",\"position\":1,\"name\":\"Home\",\"item\":\"https:\/\/hotelodisej.com\/hr\/\"},{\"@type\":\"ListItem\",\"position\":2,\"name\":\"Pisani prigovori\"}]},{\"@type\":\"WebSite\",\"@id\":\"https:\/\/hotelodisej.com\/hr\/#website\",\"url\":\"https:\/\/hotelodisej.com\/hr\/\",\"name\":\"Hotel Odisej\",\"description\":\"\",\"publisher\":{\"@id\":\"https:\/\/hotelodisej.com\/hr\/#organization\"},\"potentialAction\":[{\"@type\":\"SearchAction\",\"target\":{\"@type\":\"EntryPoint\",\"urlTemplate\":\"https:\/\/hotelodisej.com\/hr\/?s={search_term_string}\"},\"query-input\":{\"@type\":\"PropertyValueSpecification\",\"valueRequired\":true,\"valueName\":\"search_term_string\"}}],\"inLanguage\":\"hr\"},{\"@type\":\"Organization\",\"@id\":\"https:\/\/hotelodisej.com\/hr\/#organization\",\"name\":\"Hotel Odisej\",\"url\":\"https:\/\/hotelodisej.com\/hr\/\",\"logo\":{\"@type\":\"ImageObject\",\"inLanguage\":\"hr\",\"@id\":\"https:\/\/hotelodisej.com\/hr\/#\/schema\/logo\/image\/\",\"url\":\"https:\/\/hotelodisej.com\/wp-content\/uploads\/2023\/05\/Group-5624-1.png\",\"contentUrl\":\"https:\/\/hotelodisej.com\/wp-content\/uploads\/2023\/05\/Group-5624-1.png\",\"width\":312,\"height\":91,\"caption\":\"Hotel Odisej\"},\"image\":{\"@id\":\"https:\/\/hotelodisej.com\/hr\/#\/schema\/logo\/image\/\"}}]}<\/script>\n<!-- \/ Yoast SEO plugin. -->","yoast_head_json":{"title":"Pisani prigovori - Hotel Odisej","robots":{"index":"index","follow":"follow","max-snippet":"max-snippet:-1","max-image-preview":"max-image-preview:large","max-video-preview":"max-video-preview:-1"},"canonical":"https:\/\/hotelodisej.com\/hr\/pisani-prigovori\/","og_locale":"hr_HR","og_type":"article","og_title":"Pisani prigovori - Hotel Odisej","og_description":"Obavijest o na\u010dinu podno\u0161enja prigovora potro\u0161a\u010da Sukladno Zakonu o za\u0161titi potro\u0161a\u010da JADRANSKI LUKSUZNI HOTELI d.d., Dubrovnik, Masarykov put 20, OIB 22797775374, omogu\u0107uju podno\u0161enje prigovora potro\u0161a\u010da. Prigovor se podnosi pisano putem e mail adrese: prigovor@alh.hr ili putem po\u0161te na gore navedenu adresu. JADRANSKI LUKSUZNI HOTELI d.d. obvezuju se na zaprimljeni prigovor odgovoriti u roku od 15 [&hellip;]","og_url":"https:\/\/hotelodisej.com\/hr\/pisani-prigovori\/","og_site_name":"Hotel Odisej","article_modified_time":"2024-06-04T11:56:12+00:00","twitter_card":"summary_large_image","schema":{"@context":"https:\/\/schema.org","@graph":[{"@type":"WebPage","@id":"https:\/\/hotelodisej.com\/hr\/pisani-prigovori\/","url":"https:\/\/hotelodisej.com\/hr\/pisani-prigovori\/","name":"Pisani prigovori - Hotel Odisej","isPartOf":{"@id":"https:\/\/hotelodisej.com\/hr\/#website"},"datePublished":"2024-06-04T11:51:17+00:00","dateModified":"2024-06-04T11:56:12+00:00","breadcrumb":{"@id":"https:\/\/hotelodisej.com\/hr\/pisani-prigovori\/#breadcrumb"},"inLanguage":"hr","potentialAction":[{"@type":"ReadAction","target":["https:\/\/hotelodisej.com\/hr\/pisani-prigovori\/"]}]},{"@type":"BreadcrumbList","@id":"https:\/\/hotelodisej.com\/hr\/pisani-prigovori\/#breadcrumb","itemListElement":[{"@type":"ListItem","position":1,"name":"Home","item":"https:\/\/hotelodisej.com\/hr\/"},{"@type":"ListItem","position":2,"name":"Pisani prigovori"}]},{"@type":"WebSite","@id":"https:\/\/hotelodisej.com\/hr\/#website","url":"https:\/\/hotelodisej.com\/hr\/","name":"Hotel Odisej","description":"","publisher":{"@id":"https:\/\/hotelodisej.com\/hr\/#organization"},"potentialAction":[{"@type":"SearchAction","target":{"@type":"EntryPoint","urlTemplate":"https:\/\/hotelodisej.com\/hr\/?s={search_term_string}"},"query-input":{"@type":"PropertyValueSpecification","valueRequired":true,"valueName":"search_term_string"}}],"inLanguage":"hr"},{"@type":"Organization","@id":"https:\/\/hotelodisej.com\/hr\/#organization","name":"Hotel Odisej","url":"https:\/\/hotelodisej.com\/hr\/","logo":{"@type":"ImageObject","inLanguage":"hr","@id":"https:\/\/hotelodisej.com\/hr\/#\/schema\/logo\/image\/","url":"https:\/\/hotelodisej.com\/wp-content\/uploads\/2023\/05\/Group-5624-1.png","contentUrl":"https:\/\/hotelodisej.com\/wp-content\/uploads\/2023\/05\/Group-5624-1.png","width":312,"height":91,"caption":"Hotel Odisej"},"image":{"@id":"https:\/\/hotelodisej.com\/hr\/#\/schema\/logo\/image\/"}}]}},"_links":{"self":[{"href":"https:\/\/hotelodisej.com\/hr\/wp-json\/wp\/v2\/pages\/846","targetHints":{"allow":["GET"]}}],"collection":[{"href":"https:\/\/hotelodisej.com\/hr\/wp-json\/wp\/v2\/pages"}],"about":[{"href":"https:\/\/hotelodisej.com\/hr\/wp-json\/wp\/v2\/types\/page"}],"author":[{"embeddable":true,"href":"https:\/\/hotelodisej.com\/hr\/wp-json\/wp\/v2\/users\/1"}],"replies":[{"embeddable":true,"href":"https:\/\/hotelodisej.com\/hr\/wp-json\/wp\/v2\/comments?post=846"}],"version-history":[{"count":3,"href":"https:\/\/hotelodisej.com\/hr\/wp-json\/wp\/v2\/pages\/846\/revisions"}],"predecessor-version":[{"id":849,"href":"https:\/\/hotelodisej.com\/hr\/wp-json\/wp\/v2\/pages\/846\/revisions\/849"}],"wp:attachment":[{"href":"https:\/\/hotelodisej.com\/hr\/wp-json\/wp\/v2\/media?parent=846"}],"curies":[{"name":"wp","href":"https:\/\/api.w.org\/{rel}","templated":true}]}}